{"id":2879,"date":"2024-01-22T13:51:33","date_gmt":"2024-01-22T13:51:33","guid":{"rendered":"https:\/\/www.espaces-synthetiques.com\/?post_type=product&#038;p=2879"},"modified":"2024-12-13T17:27:26","modified_gmt":"2024-12-13T17:27:26","slug":"glace-synthetique-3","status":"publish","type":"product","link":"https:\/\/www.espaces-synthetiques.com\/en\/product\/glace-synthetique-3\/","title":{"rendered":"Synthetic ice"},"content":{"rendered":"<p>notre glace synth\u00e9tiques SYNTECH ICE r\u00e9versible et la meilleur qualit\u00e9 su le marcher actuelle GARANTIE<\/p>\n<p>dur\u00e9e de vie 10 ans\u00a0 aucune entretien requis<\/p>\n<p>ADDITIFS\u00a0 INT\u00c9GRER<\/p>\n<p>PANNEAUX 3X2 PIEDS<\/p>\n<p>PANELS 3X2 FEET<\/p>\n<h1><\/h1>\n<p>SHIPPING\u00a0 CANADA \/ USA<\/p>","protected":false},"excerpt":{"rendered":"<p>notre glace synth\u00e9tiques SYNTECH ICE r\u00e9versible et la meilleur qualit\u00e9 su le marcher actuelle GARANTIE dur\u00e9e de vie 10 ans\u00a0 aucune entretien requis ADDITIFS\u00a0 INT\u00c9GRER PANNEAUX 3X2 PIEDS PANELS 3X2 FEET SHIPPING\u00a0 CANADA \/ USA<\/p>","protected":false},"featured_media":3149,"template":"","meta":[],"product_cat":[59],"product_tag":[],"class_list":{"0":"post-2879","1":"product","2":"type-product","3":"status-publish","4":"has-post-thumbnail","6":"product_cat-glace-synthetique","8":"first","9":"instock","10":"taxable","11":"shipping-taxable","12":"purchasable","13":"product-type-simple"},"_links":{"self":[{"href":"https:\/\/www.espaces-synthetiques.com\/en\/wp-json\/wp\/v2\/product\/2879","targetHints":{"allow":["GET"]}}],"collection":[{"href":"https:\/\/www.espaces-synthetiques.com\/en\/wp-json\/wp\/v2\/product"}],"about":[{"href":"https:\/\/www.espaces-synthetiques.com\/en\/wp-json\/wp\/v2\/types\/product"}],"wp:featuredmedia":[{"embeddable":true,"href":"https:\/\/www.espaces-synthetiques.com\/en\/wp-json\/wp\/v2\/media\/3149"}],"wp:attachment":[{"href":"https:\/\/www.espaces-synthetiques.com\/en\/wp-json\/wp\/v2\/media?parent=2879"}],"wp:term":[{"taxonomy":"product_cat","embeddable":true,"href":"https:\/\/www.espaces-synthetiques.com\/en\/wp-json\/wp\/v2\/product_cat?post=2879"},{"taxonomy":"product_tag","embeddable":true,"href":"https:\/\/www.espaces-synthetiques.com\/en\/wp-json\/wp\/v2\/product_tag?post=2879"}],"curies":[{"name":"wp","href":"https:\/\/api.w.org\/{rel}","templated":true}]}}