{"id":1181,"date":"2021-05-03T19:11:29","date_gmt":"2021-05-03T19:11:29","guid":{"rendered":"https:\/\/klbtheme.com\/bacola\/?page_id=1181"},"modified":"2024-12-30T21:40:22","modified_gmt":"2024-12-30T21:40:22","slug":"accueil","status":"publish","type":"page","link":"https:\/\/www.espaces-synthetiques.com\/es\/","title":{"rendered":"Accueil"},"content":{"rendered":"<div data-elementor-type=\"wp-page\" data-elementor-id=\"1181\" class=\"elementor elementor-1181\">\n\t\t\t\t\t\t<section class=\"elementor-section elementor-top-section elementor-element elementor-element-208e2d3 elementor-section-boxed elementor-section-height-default elementor-section-height-default\" data-id=\"208e2d3\" data-element_type=\"section\">\n\t\t\t\t\t\t<div class=\"elementor-container elementor-column-gap-default\">\n\t\t\t\t\t<div class=\"elementor-column elementor-col-100 elementor-top-column elementor-element elementor-element-cd83c60\" data-id=\"cd83c60\" data-element_type=\"column\">\n\t\t\t<div class=\"elementor-widget-wrap\">\n\t\t\t\t\t\t\t<\/div>\n\t\t<\/div>\n\t\t\t\t\t<\/div>\n\t\t<\/section>\n\t\t\t\t<section class=\"elementor-section elementor-top-section elementor-element elementor-element-6b3dc70 elementor-section-boxed elementor-section-height-default elementor-section-height-default\" data-id=\"6b3dc70\" data-element_type=\"section\">\n\t\t\t\t\t\t<div class=\"elementor-container elementor-column-gap-extended\">\n\t\t\t\t\t<div class=\"elementor-column elementor-col-50 elementor-top-column elementor-element elementor-element-bbe4113\" data-id=\"bbe4113\" data-element_type=\"column\">\n\t\t\t<div class=\"elementor-widget-wrap elementor-element-populated\">\n\t\t\t\t\t\t<div class=\"elementor-element elementor-element-5a215df elementor-widget elementor-widget-bacola-banner-box3\" data-id=\"5a215df\" data-element_type=\"widget\" data-widget_type=\"bacola-banner-box3.default\">\n\t\t\t\t<div class=\"elementor-widget-container\">\n\t\t\t<div class=\"site-module module-banner image align-left align-center\"><div class=\"module-body\"><div class=\"banner-wrapper\"><div class=\"banner-content\"><div class=\"content-header\"><div class=\"discount-text color-success\"><\/div><\/div><div class=\"content-main\"><h3 class=\"entry-title color-text-light\">GLACES SYNTH\u00c9TIQUES SYNTECH-ICE<\/h3><div class=\"entry-text color-info-dark\">D\u00e9couvrez le prix de nos panneaux de glace synth\u00e9tique et les possibilit\u00e9s pour le hockey la maison<\/div><\/div><a href=\"https:\/\/www.espaces-synthetiques.com\/es\/product-category\/glace-synthetique\/\"  class=\"button button-primary rounded xsmall\">Comprar<\/a><\/div><div class=\"banner-thumbnail\"><img decoding=\"async\" src=\"https:\/\/www.espaces-synthetiques.com\/wp-content\/uploads\/2024\/01\/glace-synthetique-ok.jpg\" alt=\"banner\"><\/div><a href=\"https:\/\/www.espaces-synthetiques.com\/es\/product-category\/glace-synthetique\/\"  class=\"overlay-link\"><\/a><\/div><\/div><\/div>\t\t<\/div>\n\t\t\t\t<\/div>\n\t\t\t\t\t<\/div>\n\t\t<\/div>\n\t\t\t\t<div class=\"elementor-column elementor-col-50 elementor-top-column elementor-element elementor-element-9439ed1\" data-id=\"9439ed1\" data-element_type=\"column\">\n\t\t\t<div class=\"elementor-widget-wrap elementor-element-populated\">\n\t\t\t\t\t\t<div class=\"elementor-element elementor-element-0e2bb16 elementor-widget elementor-widget-bacola-banner-box3\" data-id=\"0e2bb16\" data-element_type=\"widget\" data-widget_type=\"bacola-banner-box3.default\">\n\t\t\t\t<div class=\"elementor-widget-container\">\n\t\t\t<div class=\"site-module module-banner image align-right align-center\"><div class=\"module-body\"><div class=\"banner-wrapper\"><div class=\"banner-content\"><div class=\"content-main\"><h4 class=\"entry-subtitle medium xlight color-text\"><\/h4><h3 class=\"entry-title large color-text\">HIERBA SINT\u00c9TICA<\/h3><div class=\"entry-text color-info-dark\">Nuestro c\u00e9sped tiene una garant\u00eda de 10 a\u00f1os por parte de nuestro fabricante.<\/div><\/div><a href=\"https:\/\/www.espaces-synthetiques.com\/es\/product-category\/gazon-synthetique\/\"  class=\"button button-primary rounded xsmall\">Comprar<\/a><\/div><div class=\"banner-thumbnail\"><img decoding=\"async\" src=\"https:\/\/www.espaces-synthetiques.com\/wp-content\/uploads\/2024\/01\/banner-gazon-synthetique-ok2.jpg\" alt=\"banner\"><\/div><a href=\"https:\/\/www.espaces-synthetiques.com\/es\/product-category\/gazon-synthetique\/\"  class=\"overlay-link\"><\/a><\/div><\/div><\/div>\t\t<\/div>\n\t\t\t\t<\/div>\n\t\t\t\t<div class=\"elementor-element elementor-element-a1ee36e elementor-widget elementor-widget-bacola-banner-box3\" data-id=\"a1ee36e\" data-element_type=\"widget\" data-widget_type=\"bacola-banner-box3.default\">\n\t\t\t\t<div class=\"elementor-widget-container\">\n\t\t\t<div class=\"site-module module-banner image align-right align-center\"><div class=\"module-body\"><div class=\"banner-wrapper\"><div class=\"banner-content\"><div class=\"content-main\"><h4 class=\"entry-subtitle medium xlight color-text\"><\/h4><h3 class=\"entry-title large color-text\">PISOS DE PVC<\/h3><div class=\"entry-text color-info-dark\">Nuestras losetas de polipropileno son las m\u00e1s eficientes del mercado. Descubra nuestro inventario ahora.<\/div><\/div><a href=\"https:\/\/www.espaces-synthetiques.com\/es\/product-category\/revetement-de-sol-en-tuile-de-pvc-polypropylene\/\"  class=\"button button-primary rounded xsmall\">Comprar<\/a><\/div><div class=\"banner-thumbnail\"><img decoding=\"async\" src=\"https:\/\/www.espaces-synthetiques.com\/wp-content\/uploads\/2024\/01\/tuiles-pvc.jpg\" alt=\"banner\"><\/div><a href=\"https:\/\/www.espaces-synthetiques.com\/es\/product-category\/revetement-de-sol-en-tuile-de-pvc-polypropylene\/\"  class=\"overlay-link\"><\/a><\/div><\/div><\/div>\t\t<\/div>\n\t\t\t\t<\/div>\n\t\t\t\t\t<\/div>\n\t\t<\/div>\n\t\t\t\t\t<\/div>\n\t\t<\/section>\n\t\t\t\t<\/div>","protected":false},"excerpt":{"rendered":"<p>GLACES SYNTH\u00c9TIQUES SYNTECH-ICE D\u00e9couvrez le prix de nos panneaux de glace synth\u00e9tique et les possibilit\u00e9s pour le hockey la maisonAcheter GAZONS SYNTH\u00c9TIQUES Notre gazon est garantie 10 ans par notre manufacturier.Acheter REV\u00caTEMENT DE SOL EN PVC Nos tuiles de polypropyl\u00e8ne sont les plus performantes sur le march\u00e9. D\u00e9couvrez d\u00e8s maintenant notre inventaire.Acheter<\/p>","protected":false},"author":1,"featured_media":0,"parent":0,"menu_order":0,"comment_status":"closed","ping_status":"closed","template":"","meta":{"footnotes":""},"class_list":["post-1181","page","type-page","status-publish","hentry"],"_links":{"self":[{"href":"https:\/\/www.espaces-synthetiques.com\/es\/wp-json\/wp\/v2\/pages\/1181","targetHints":{"allow":["GET"]}}],"collection":[{"href":"https:\/\/www.espaces-synthetiques.com\/es\/wp-json\/wp\/v2\/pages"}],"about":[{"href":"https:\/\/www.espaces-synthetiques.com\/es\/wp-json\/wp\/v2\/types\/page"}],"author":[{"embeddable":true,"href":"https:\/\/www.espaces-synthetiques.com\/es\/wp-json\/wp\/v2\/users\/1"}],"replies":[{"embeddable":true,"href":"https:\/\/www.espaces-synthetiques.com\/es\/wp-json\/wp\/v2\/comments?post=1181"}],"version-history":[{"count":183,"href":"https:\/\/www.espaces-synthetiques.com\/es\/wp-json\/wp\/v2\/pages\/1181\/revisions"}],"predecessor-version":[{"id":3219,"href":"https:\/\/www.espaces-synthetiques.com\/es\/wp-json\/wp\/v2\/pages\/1181\/revisions\/3219"}],"wp:attachment":[{"href":"https:\/\/www.espaces-synthetiques.com\/es\/wp-json\/wp\/v2\/media?parent=1181"}],"curies":[{"name":"wp","href":"https:\/\/api.w.org\/{rel}","templated":true}]}}