{"id":1544,"date":"2021-05-19T04:28:36","date_gmt":"2021-05-19T04:28:36","guid":{"rendered":"https:\/\/klbtheme.com\/bacola\/?page_id=1544"},"modified":"2024-12-13T17:19:30","modified_gmt":"2024-12-13T17:19:30","slug":"a-propos","status":"publish","type":"page","link":"https:\/\/www.espaces-synthetiques.com\/es\/a-propos\/","title":{"rendered":"A proposito"},"content":{"rendered":"<div data-elementor-type=\"wp-page\" data-elementor-id=\"1544\" class=\"elementor elementor-1544\">\n\t\t\t\t\t\t<section class=\"elementor-section elementor-top-section elementor-element elementor-element-4d9f236 elementor-section-full_width elementor-section-height-default elementor-section-height-default\" data-id=\"4d9f236\" data-element_type=\"section\">\n\t\t\t\t\t\t<div class=\"elementor-container elementor-column-gap-no\">\n\t\t\t\t\t<div class=\"elementor-column elementor-col-100 elementor-top-column elementor-element elementor-element-ae4c5db\" data-id=\"ae4c5db\" data-element_type=\"column\">\n\t\t\t<div class=\"elementor-widget-wrap elementor-element-populated\">\n\t\t\t\t\t\t<div class=\"elementor-element elementor-element-be5a151 elementor-widget elementor-widget-image\" data-id=\"be5a151\" data-element_type=\"widget\" data-widget_type=\"image.default\">\n\t\t\t\t<div class=\"elementor-widget-container\">\n\t\t\t\t\t\t\t\t\t\t\t\t\t<img fetchpriority=\"high\" decoding=\"async\" width=\"1920\" height=\"500\" src=\"https:\/\/www.espaces-synthetiques.com\/wp-content\/uploads\/2024\/01\/grass-header.jpg\" class=\"attachment-full size-full wp-image-2750\" alt=\"\" srcset=\"https:\/\/www.espaces-synthetiques.com\/wp-content\/uploads\/2024\/01\/grass-header.jpg 1920w, https:\/\/www.espaces-synthetiques.com\/wp-content\/uploads\/2024\/01\/grass-header-300x78.jpg 300w, https:\/\/www.espaces-synthetiques.com\/wp-content\/uploads\/2024\/01\/grass-header-1024x267.jpg 1024w, https:\/\/www.espaces-synthetiques.com\/wp-content\/uploads\/2024\/01\/grass-header-768x200.jpg 768w, https:\/\/www.espaces-synthetiques.com\/wp-content\/uploads\/2024\/01\/grass-header-1536x400.jpg 1536w, https:\/\/www.espaces-synthetiques.com\/wp-content\/uploads\/2024\/01\/grass-header-18x5.jpg 18w, https:\/\/www.espaces-synthetiques.com\/wp-content\/uploads\/2024\/01\/grass-header-600x156.jpg 600w, https:\/\/www.espaces-synthetiques.com\/wp-content\/uploads\/2024\/01\/grass-header-90x23.jpg 90w, https:\/\/www.espaces-synthetiques.com\/wp-content\/uploads\/2024\/01\/grass-header-64x17.jpg 64w, https:\/\/www.espaces-synthetiques.com\/wp-content\/uploads\/2024\/01\/grass-header-190x49.jpg 190w, https:\/\/www.espaces-synthetiques.com\/wp-content\/uploads\/2024\/01\/grass-header-346x90.jpg 346w\" sizes=\"(max-width: 1920px) 100vw, 1920px\" \/>\t\t\t\t\t\t\t\t\t\t\t\t\t<\/div>\n\t\t\t\t<\/div>\n\t\t\t\t\t<\/div>\n\t\t<\/div>\n\t\t\t\t\t<\/div>\n\t\t<\/section>\n\t\t\t\t<section class=\"elementor-section elementor-top-section elementor-element elementor-element-f600bf8 elementor-section-boxed elementor-section-height-default elementor-section-height-default\" data-id=\"f600bf8\" data-element_type=\"section\">\n\t\t\t\t\t\t<div class=\"elementor-container elementor-column-gap-no\">\n\t\t\t\t\t<div class=\"elementor-column elementor-col-100 elementor-top-column elementor-element elementor-element-e769e7d\" data-id=\"e769e7d\" data-element_type=\"column\">\n\t\t\t<div class=\"elementor-widget-wrap elementor-element-populated\">\n\t\t\t\t\t\t<section class=\"elementor-section elementor-inner-section elementor-element elementor-element-faa9e1d elementor-section-content-middle elementor-section-boxed elementor-section-height-default elementor-section-height-default\" data-id=\"faa9e1d\" data-element_type=\"section\">\n\t\t\t\t\t\t<div class=\"elementor-container elementor-column-gap-extended\">\n\t\t\t\t\t<div class=\"elementor-column elementor-col-50 elementor-inner-column elementor-element elementor-element-1fe836e\" data-id=\"1fe836e\" data-element_type=\"column\">\n\t\t\t<div class=\"elementor-widget-wrap elementor-element-populated\">\n\t\t\t\t\t\t<div class=\"elementor-element elementor-element-bf5a32e elementor-widget elementor-widget-heading\" data-id=\"bf5a32e\" data-element_type=\"widget\" data-widget_type=\"heading.default\">\n\t\t\t\t<div class=\"elementor-widget-container\">\n\t\t\t<h2 class=\"elementor-heading-title elementor-size-default\">Qui\u00e9nes somos ?\n<br><\/br><\/h2>\t\t<\/div>\n\t\t\t\t<\/div>\n\t\t\t\t<div class=\"elementor-element elementor-element-3984e88 elementor-widget elementor-widget-text-editor\" data-id=\"3984e88\" data-element_type=\"widget\" data-widget_type=\"text-editor.default\">\n\t\t\t\t<div class=\"elementor-widget-container\">\n\t\t\t\t\t\t\t<p>Espace Synth\u00e9tique es una empresa en crecimiento especializada en la venta, instalaci\u00f3n y mantenimiento de c\u00e9sped sint\u00e9tico para uso residencial y comercial.<\/p><p>A\u00f1o tras a\u00f1o experimentamos cada vez m\u00e1s \u00e9xito porque tenemos productos de alta calidad, experiencia \u00fanica en el campo y nos aseguramos de que cada cliente obtenga una satisfacci\u00f3n completa.<\/p><p><strong>\u2022 Siempre verde:<\/strong> Ya no importar\u00e1n las zonas soleadas o con sombra, ni tampoco la nieve o la sequ\u00eda. Alta resistencia a los rayos UV que garantiza colores vibrantes.<\/p><p><strong>\u2022 Drenaje:<\/strong> Al estar perforado, el c\u00e9sped sint\u00e9tico permite la evacuaci\u00f3n del agua, para un r\u00e1pido retorno a la sequedad.<\/p><p><strong>\u2022 Mantenimiento m\u00ednimo:<\/strong> \u00a1No es necesario cortar, fertilizar, sembrar y especialmente regar! Ahorre tiempo y dinero.<\/p><p><strong>\u2022 Limpio e higi\u00e9nico:<\/strong> Adi\u00f3s suciedad en la casa, polen y alergias.<\/p><p><b>VARIOS USOS:<\/b><br \/>- Paisajismo<br \/>\u2013 Zonas sombreadas\/mal irrigadas <br \/>\u2013 Alrededor de la piscina<br \/>\u2013 En terrazas, tejados, patios\u2026<br \/>\u2013 Para parques infantiles, guarder\u00edas, guarder\u00edas, guarder\u00edas, colegios, parques municipales, etc.<\/p>\t\t\t\t\t\t<\/div>\n\t\t\t\t<\/div>\n\t\t\t\t\t<\/div>\n\t\t<\/div>\n\t\t\t\t<div class=\"elementor-column elementor-col-50 elementor-inner-column elementor-element elementor-element-915cf91\" data-id=\"915cf91\" data-element_type=\"column\">\n\t\t\t<div class=\"elementor-widget-wrap elementor-element-populated\">\n\t\t\t\t\t\t<div class=\"elementor-element elementor-element-393e4f6 elementor-widget elementor-widget-image\" data-id=\"393e4f6\" data-element_type=\"widget\" data-widget_type=\"image.default\">\n\t\t\t\t<div class=\"elementor-widget-container\">\n\t\t\t\t\t\t\t\t\t\t\t\t\t<img decoding=\"async\" width=\"960\" height=\"720\" src=\"https:\/\/www.espaces-synthetiques.com\/wp-content\/uploads\/2024\/01\/1336618873491325625.jpg\" class=\"attachment-large size-large wp-image-2976\" alt=\"\" srcset=\"https:\/\/www.espaces-synthetiques.com\/wp-content\/uploads\/2024\/01\/1336618873491325625.jpg 1024w, https:\/\/www.espaces-synthetiques.com\/wp-content\/uploads\/2024\/01\/1336618873491325625-300x225.jpg 300w, https:\/\/www.espaces-synthetiques.com\/wp-content\/uploads\/2024\/01\/1336618873491325625-768x576.jpg 768w, https:\/\/www.espaces-synthetiques.com\/wp-content\/uploads\/2024\/01\/1336618873491325625-16x12.jpg 16w, https:\/\/www.espaces-synthetiques.com\/wp-content\/uploads\/2024\/01\/1336618873491325625-600x450.jpg 600w, https:\/\/www.espaces-synthetiques.com\/wp-content\/uploads\/2024\/01\/1336618873491325625-72x54.jpg 72w, https:\/\/www.espaces-synthetiques.com\/wp-content\/uploads\/2024\/01\/1336618873491325625-64x48.jpg 64w, https:\/\/www.espaces-synthetiques.com\/wp-content\/uploads\/2024\/01\/1336618873491325625-120x90.jpg 120w\" sizes=\"(max-width: 960px) 100vw, 960px\" \/>\t\t\t\t\t\t\t\t\t\t\t\t\t<\/div>\n\t\t\t\t<\/div>\n\t\t\t\t<div class=\"elementor-element elementor-element-a593da0 elementor-widget elementor-widget-image\" data-id=\"a593da0\" data-element_type=\"widget\" data-widget_type=\"image.default\">\n\t\t\t\t<div class=\"elementor-widget-container\">\n\t\t\t\t\t\t\t\t\t\t\t\t\t<img decoding=\"async\" width=\"500\" height=\"452\" src=\"https:\/\/www.espaces-synthetiques.com\/wp-content\/uploads\/2024\/01\/1-34.jpg\" class=\"attachment-large size-large wp-image-2741\" alt=\"\" srcset=\"https:\/\/www.espaces-synthetiques.com\/wp-content\/uploads\/2024\/01\/1-34.jpg 500w, https:\/\/www.espaces-synthetiques.com\/wp-content\/uploads\/2024\/01\/1-34-300x271.jpg 300w, https:\/\/www.espaces-synthetiques.com\/wp-content\/uploads\/2024\/01\/1-34-13x12.jpg 13w, https:\/\/www.espaces-synthetiques.com\/wp-content\/uploads\/2024\/01\/1-34-60x54.jpg 60w, https:\/\/www.espaces-synthetiques.com\/wp-content\/uploads\/2024\/01\/1-34-64x58.jpg 64w, https:\/\/www.espaces-synthetiques.com\/wp-content\/uploads\/2024\/01\/1-34-100x90.jpg 100w\" sizes=\"(max-width: 500px) 100vw, 500px\" \/>\t\t\t\t\t\t\t\t\t\t\t\t\t<\/div>\n\t\t\t\t<\/div>\n\t\t\t\t\t<\/div>\n\t\t<\/div>\n\t\t\t\t\t<\/div>\n\t\t<\/section>\n\t\t\t\t\t<\/div>\n\t\t<\/div>\n\t\t\t\t\t<\/div>\n\t\t<\/section>\n\t\t\t\t<\/div>","protected":false},"excerpt":{"rendered":"<p>Qui sommes-nous ? Espace Synth\u00e9tique est une compagnie en pleine croissance sp\u00e9cialis\u00e9e dans la vente, l\u2019installation et l\u2019entretien de gazon synth\u00e9tique pour usage r\u00e9sidentiel et commercial. D\u2019ann\u00e9e en ann\u00e9e nous connaissons de plus en plus de succ\u00e8s car nous disposons de produits de grande qualit\u00e9, d\u2019une expertise en la mati\u00e8re unique et nous nous assurons<\/p>\n<div class=\"klb-readmore entry-button\"><a class=\"button\" href=\"https:\/\/www.espaces-synthetiques.com\/es\/a-propos\/\">Read More<\/a><\/div>","protected":false},"author":1,"featured_media":0,"parent":0,"menu_order":0,"comment_status":"closed","ping_status":"closed","template":"","meta":{"footnotes":""},"class_list":["post-1544","page","type-page","status-publish","hentry"],"_links":{"self":[{"href":"https:\/\/www.espaces-synthetiques.com\/es\/wp-json\/wp\/v2\/pages\/1544","targetHints":{"allow":["GET"]}}],"collection":[{"href":"https:\/\/www.espaces-synthetiques.com\/es\/wp-json\/wp\/v2\/pages"}],"about":[{"href":"https:\/\/www.espaces-synthetiques.com\/es\/wp-json\/wp\/v2\/types\/page"}],"author":[{"embeddable":true,"href":"https:\/\/www.espaces-synthetiques.com\/es\/wp-json\/wp\/v2\/users\/1"}],"replies":[{"embeddable":true,"href":"https:\/\/www.espaces-synthetiques.com\/es\/wp-json\/wp\/v2\/comments?post=1544"}],"version-history":[{"count":20,"href":"https:\/\/www.espaces-synthetiques.com\/es\/wp-json\/wp\/v2\/pages\/1544\/revisions"}],"predecessor-version":[{"id":3203,"href":"https:\/\/www.espaces-synthetiques.com\/es\/wp-json\/wp\/v2\/pages\/1544\/revisions\/3203"}],"wp:attachment":[{"href":"https:\/\/www.espaces-synthetiques.com\/es\/wp-json\/wp\/v2\/media?parent=1544"}],"curies":[{"name":"wp","href":"https:\/\/api.w.org\/{rel}","templated":true}]}}