{"id":2310,"date":"2023-06-18T01:44:28","date_gmt":"2023-06-18T01:44:28","guid":{"rendered":"https:\/\/www.globalcheapsale.com\/?page_id=2310"},"modified":"2024-12-11T22:44:11","modified_gmt":"2024-12-11T22:44:11","slug":"livraison","status":"publish","type":"page","link":"https:\/\/www.espaces-synthetiques.com\/es\/livraison\/","title":{"rendered":"Entrega"},"content":{"rendered":"<div class=\"section the_content has_content\">\n<div class=\"section_wrapper\">\n<div class=\"the_content_wrapper\">\n<div><\/div>\n<div class=\"entry-content\">Pour une commande exp\u00e9di\u00e9 au Canada le temps varie entre 3 \u00e0 5 jours ouvrables apr\u00e8s l\u2019exp\u00e9dition. Pour une commande hors Canada, comptez de 7 a 10\u00a0 jours<\/div>\n<\/div>\n<\/div>\n<\/div>\n<div><\/div>\n<div><\/div>\n<div><\/div>\n<div><\/div>\n<div><\/div>\n<div><\/div>\n<div><\/div>\n<div><\/div>","protected":false},"excerpt":{"rendered":"<p>Pour une commande exp\u00e9di\u00e9 au Canada le temps varie entre 3 \u00e0 5 jours ouvrables apr\u00e8s l\u2019exp\u00e9dition. Pour une commande hors Canada, comptez de 7 a 10\u00a0 jours<\/p>","protected":false},"author":1,"featured_media":0,"parent":0,"menu_order":0,"comment_status":"closed","ping_status":"open","template":"","meta":{"footnotes":""},"class_list":["post-2310","page","type-page","status-publish","hentry"],"_links":{"self":[{"href":"https:\/\/www.espaces-synthetiques.com\/es\/wp-json\/wp\/v2\/pages\/2310","targetHints":{"allow":["GET"]}}],"collection":[{"href":"https:\/\/www.espaces-synthetiques.com\/es\/wp-json\/wp\/v2\/pages"}],"about":[{"href":"https:\/\/www.espaces-synthetiques.com\/es\/wp-json\/wp\/v2\/types\/page"}],"author":[{"embeddable":true,"href":"https:\/\/www.espaces-synthetiques.com\/es\/wp-json\/wp\/v2\/users\/1"}],"replies":[{"embeddable":true,"href":"https:\/\/www.espaces-synthetiques.com\/es\/wp-json\/wp\/v2\/comments?post=2310"}],"version-history":[{"count":3,"href":"https:\/\/www.espaces-synthetiques.com\/es\/wp-json\/wp\/v2\/pages\/2310\/revisions"}],"predecessor-version":[{"id":3160,"href":"https:\/\/www.espaces-synthetiques.com\/es\/wp-json\/wp\/v2\/pages\/2310\/revisions\/3160"}],"wp:attachment":[{"href":"https:\/\/www.espaces-synthetiques.com\/es\/wp-json\/wp\/v2\/media?parent=2310"}],"curies":[{"name":"wp","href":"https:\/\/api.w.org\/{rel}","templated":true}]}}