{"id":2884,"date":"2024-01-23T20:57:16","date_gmt":"2024-01-23T20:57:16","guid":{"rendered":"https:\/\/www.espaces-synthetiques.com\/?page_id=2884"},"modified":"2024-01-25T13:33:47","modified_gmt":"2024-01-25T13:33:47","slug":"gazon-synthetique","status":"publish","type":"page","link":"https:\/\/www.espaces-synthetiques.com\/es\/gazon-synthetique\/","title":{"rendered":"Gazon synth\u00e9tique"},"content":{"rendered":"<div data-elementor-type=\"wp-page\" data-elementor-id=\"2884\" class=\"elementor elementor-2884\">\n\t\t\t\t\t\t<section class=\"elementor-section elementor-top-section elementor-element elementor-element-4d9f236 elementor-section-full_width elementor-section-height-default elementor-section-height-default\" data-id=\"4d9f236\" data-element_type=\"section\">\n\t\t\t\t\t\t<div class=\"elementor-container elementor-column-gap-no\">\n\t\t\t\t\t<div class=\"elementor-column elementor-col-100 elementor-top-column elementor-element elementor-element-ae4c5db\" data-id=\"ae4c5db\" data-element_type=\"column\">\n\t\t\t<div class=\"elementor-widget-wrap elementor-element-populated\">\n\t\t\t\t\t\t<div class=\"elementor-element elementor-element-be5a151 elementor-widget elementor-widget-image\" data-id=\"be5a151\" data-element_type=\"widget\" data-widget_type=\"image.default\">\n\t\t\t\t<div class=\"elementor-widget-container\">\n\t\t\t\t\t\t\t\t\t\t\t\t\t<img fetchpriority=\"high\" decoding=\"async\" width=\"1920\" height=\"709\" src=\"https:\/\/www.espaces-synthetiques.com\/wp-content\/uploads\/2024\/01\/banner-gazon-synthetique-ok2.jpg\" class=\"attachment-full size-full wp-image-2880\" alt=\"\" srcset=\"https:\/\/www.espaces-synthetiques.com\/wp-content\/uploads\/2024\/01\/banner-gazon-synthetique-ok2.jpg 1920w, https:\/\/www.espaces-synthetiques.com\/wp-content\/uploads\/2024\/01\/banner-gazon-synthetique-ok2-300x111.jpg 300w, https:\/\/www.espaces-synthetiques.com\/wp-content\/uploads\/2024\/01\/banner-gazon-synthetique-ok2-1024x378.jpg 1024w, https:\/\/www.espaces-synthetiques.com\/wp-content\/uploads\/2024\/01\/banner-gazon-synthetique-ok2-768x284.jpg 768w, https:\/\/www.espaces-synthetiques.com\/wp-content\/uploads\/2024\/01\/banner-gazon-synthetique-ok2-1536x567.jpg 1536w, https:\/\/www.espaces-synthetiques.com\/wp-content\/uploads\/2024\/01\/banner-gazon-synthetique-ok2-18x7.jpg 18w, https:\/\/www.espaces-synthetiques.com\/wp-content\/uploads\/2024\/01\/banner-gazon-synthetique-ok2-600x222.jpg 600w, https:\/\/www.espaces-synthetiques.com\/wp-content\/uploads\/2024\/01\/banner-gazon-synthetique-ok2-90x33.jpg 90w, https:\/\/www.espaces-synthetiques.com\/wp-content\/uploads\/2024\/01\/banner-gazon-synthetique-ok2-64x24.jpg 64w, https:\/\/www.espaces-synthetiques.com\/wp-content\/uploads\/2024\/01\/banner-gazon-synthetique-ok2-190x70.jpg 190w, https:\/\/www.espaces-synthetiques.com\/wp-content\/uploads\/2024\/01\/banner-gazon-synthetique-ok2-244x90.jpg 244w\" sizes=\"(max-width: 1920px) 100vw, 1920px\" \/>\t\t\t\t\t\t\t\t\t\t\t\t\t<\/div>\n\t\t\t\t<\/div>\n\t\t\t\t\t<\/div>\n\t\t<\/div>\n\t\t\t\t\t<\/div>\n\t\t<\/section>\n\t\t\t\t<section class=\"elementor-section elementor-top-section elementor-element elementor-element-f600bf8 elementor-section-boxed elementor-section-height-default elementor-section-height-default\" data-id=\"f600bf8\" data-element_type=\"section\">\n\t\t\t\t\t\t<div class=\"elementor-container elementor-column-gap-no\">\n\t\t\t\t\t<div class=\"elementor-column elementor-col-100 elementor-top-column elementor-element elementor-element-e769e7d\" data-id=\"e769e7d\" data-element_type=\"column\">\n\t\t\t<div class=\"elementor-widget-wrap elementor-element-populated\">\n\t\t\t\t\t\t<section class=\"elementor-section elementor-inner-section elementor-element elementor-element-faa9e1d elementor-section-content-middle elementor-section-boxed elementor-section-height-default elementor-section-height-default\" data-id=\"faa9e1d\" data-element_type=\"section\">\n\t\t\t\t\t\t<div class=\"elementor-container elementor-column-gap-extended\">\n\t\t\t\t\t<div class=\"elementor-column elementor-col-50 elementor-inner-column elementor-element elementor-element-1fe836e\" data-id=\"1fe836e\" data-element_type=\"column\">\n\t\t\t<div class=\"elementor-widget-wrap elementor-element-populated\">\n\t\t\t\t\t\t<div class=\"elementor-element elementor-element-bf5a32e elementor-widget elementor-widget-heading\" data-id=\"bf5a32e\" data-element_type=\"widget\" data-widget_type=\"heading.default\">\n\t\t\t\t<div class=\"elementor-widget-container\">\n\t\t\t<h2 class=\"elementor-heading-title elementor-size-default\">C\u00e9sped sint\u00e9tico\n<br><\/br><\/h2>\t\t<\/div>\n\t\t\t\t<\/div>\n\t\t\t\t<div class=\"elementor-element elementor-element-3984e88 elementor-widget elementor-widget-text-editor\" data-id=\"3984e88\" data-element_type=\"widget\" data-widget_type=\"text-editor.default\">\n\t\t\t\t<div class=\"elementor-widget-container\">\n\t\t\t\t\t\t\t<p>El c\u00e9sped sint\u00e9tico, tambi\u00e9n llamado c\u00e9sped artificial, es una alternativa popular al c\u00e9sped natural. Est\u00e1 fabricado a partir de fibras sint\u00e9ticas como polietileno o polipropileno. Aqu\u00ed hay algunas cosas a considerar sobre el c\u00e9sped artificial:<\/p><p><strong>1. Est\u00e9tica:<\/strong> <br \/>El c\u00e9sped sint\u00e9tico proporciona un aspecto verde uniforme durante todo el a\u00f1o, sin necesidad de un mantenimiento intensivo.<\/p><p><strong>2. Mantenimiento:<\/strong> <br \/>A diferencia del c\u00e9sped natural, el c\u00e9sped artificial requiere poco mantenimiento. No es necesario cortar el c\u00e9sped, regar ni fertilizar.<\/p><p><strong>3. Sostenibilidad:<\/strong> <br \/>Es resistente a la intemperie y mantiene su aspecto est\u00e9tico durante muchos a\u00f1os, incluso en condiciones clim\u00e1ticas adversas.<\/p><p><strong>4. Uso:<\/strong> <br \/>El c\u00e9sped sint\u00e9tico se utiliza a menudo en espacios residenciales al aire libre, campos deportivos, parques infantiles, balcones y espacios comerciales.<\/p><p><strong>5. Costo inicial:<\/strong> <br \/>Aunque la inversi\u00f3n inicial puede ser mayor que la del c\u00e9sped natural, el ahorro a largo plazo en mantenimiento puede compensarlo.<\/p><p><strong>6. Respeto al medio ambiente:<\/strong> <br \/>Ciertos tipos de c\u00e9sped sint\u00e9tico pueden generar preocupaciones ambientales debido a su composici\u00f3n. Es importante elegir productos respetuosos con el medio ambiente si esto es una consideraci\u00f3n importante para usted.<\/p><p>Antes de instalar c\u00e9sped artificial, se recomienda realizar una investigaci\u00f3n exhaustiva, consultar con proveedores acreditados y considerar sus necesidades espec\u00edficas de paisajismo.<\/p>\t\t\t\t\t\t<\/div>\n\t\t\t\t<\/div>\n\t\t\t\t\t<\/div>\n\t\t<\/div>\n\t\t\t\t<div class=\"elementor-column elementor-col-50 elementor-inner-column elementor-element elementor-element-915cf91\" data-id=\"915cf91\" data-element_type=\"column\">\n\t\t\t<div class=\"elementor-widget-wrap elementor-element-populated\">\n\t\t\t\t\t\t<div class=\"elementor-element elementor-element-393e4f6 elementor-widget elementor-widget-image\" data-id=\"393e4f6\" data-element_type=\"widget\" data-widget_type=\"image.default\">\n\t\t\t\t<div class=\"elementor-widget-container\">\n\t\t\t\t\t\t\t\t\t\t\t\t\t<img decoding=\"async\" width=\"960\" height=\"720\" src=\"https:\/\/www.espaces-synthetiques.com\/wp-content\/uploads\/2024\/01\/1336618873491325625.jpg\" class=\"attachment-large size-large wp-image-2976\" alt=\"\" srcset=\"https:\/\/www.espaces-synthetiques.com\/wp-content\/uploads\/2024\/01\/1336618873491325625.jpg 1024w, https:\/\/www.espaces-synthetiques.com\/wp-content\/uploads\/2024\/01\/1336618873491325625-300x225.jpg 300w, https:\/\/www.espaces-synthetiques.com\/wp-content\/uploads\/2024\/01\/1336618873491325625-768x576.jpg 768w, https:\/\/www.espaces-synthetiques.com\/wp-content\/uploads\/2024\/01\/1336618873491325625-16x12.jpg 16w, https:\/\/www.espaces-synthetiques.com\/wp-content\/uploads\/2024\/01\/1336618873491325625-600x450.jpg 600w, https:\/\/www.espaces-synthetiques.com\/wp-content\/uploads\/2024\/01\/1336618873491325625-72x54.jpg 72w, https:\/\/www.espaces-synthetiques.com\/wp-content\/uploads\/2024\/01\/1336618873491325625-64x48.jpg 64w, https:\/\/www.espaces-synthetiques.com\/wp-content\/uploads\/2024\/01\/1336618873491325625-120x90.jpg 120w\" sizes=\"(max-width: 960px) 100vw, 960px\" \/>\t\t\t\t\t\t\t\t\t\t\t\t\t<\/div>\n\t\t\t\t<\/div>\n\t\t\t\t\t<\/div>\n\t\t<\/div>\n\t\t\t\t\t<\/div>\n\t\t<\/section>\n\t\t\t\t\t<\/div>\n\t\t<\/div>\n\t\t\t\t\t<\/div>\n\t\t<\/section>\n\t\t\t\t<section class=\"elementor-section elementor-top-section elementor-element elementor-element-9f46085 elementor-section-boxed elementor-section-height-default elementor-section-height-default\" data-id=\"9f46085\" data-element_type=\"section\">\n\t\t\t\t\t\t<div class=\"elementor-container elementor-column-gap-default\">\n\t\t\t\t\t<div class=\"elementor-column elementor-col-100 elementor-top-column elementor-element elementor-element-3ee8ce8\" data-id=\"3ee8ce8\" data-element_type=\"column\">\n\t\t\t<div class=\"elementor-widget-wrap elementor-element-populated\">\n\t\t\t\t\t\t<div class=\"elementor-element elementor-element-6d9e33a elementor-widget elementor-widget-bacola-product-grid\" data-id=\"6d9e33a\" data-element_type=\"widget\" data-widget_type=\"bacola-product-grid.default\">\n\t\t\t\t<div class=\"elementor-widget-container\">\n\t\t\t<div class=\"site-module module-products\"><div class=\"module-header\"><div class=\"column\"><h4 class=\"entry-title\">NUESTROS PRODUCTOS DE C\u00c9SPED SINT\u00c9TICO<\/h4><div class=\"entry-description\"><\/div><\/div><!-- column --><div class=\"column\"><a href=\"https:\/\/www.espaces-synthetiques.com\/es\/product-category\/gazon-synthetique\/\"  class=\"button button-info-default xsmall rounded\">Ver todo <i class=\"klbth-icon-right-arrow\"><\/i><\/a><\/div><!-- column --><\/div><!-- module-header --><div class=\"module-body\"><div class=\"products column-4 mobile-column-2\"><div class=\"product type-product post-2659 status-publish first instock product_cat-gazon-synthetique has-post-thumbnail taxable shipping-taxable purchasable product-type-simple\"><div class=\"product-wrapper product-type-1\"><div class=\"thumbnail-wrapper\"><a href=\"https:\/\/www.espaces-synthetiques.com\/es\/product\/produit-1\/\"><img decoding=\"async\" src=\"https:\/\/www.espaces-synthetiques.com\/wp-content\/uploads\/2024\/01\/1-12-346x310.jpg\" alt=\"gazon syntech 40mm\"><\/a><div class=\"product-buttons\"><a href=\"\/es\/2659\/\" class=\"detail-bnt quick-view-button\"><svg xmlns=\"http:\/\/www.w3.org\/2000\/svg\" viewbox=\"0 0 512 512\"><path d=\"M128 32V0H16C7.163 0 0 7.163 0 16v112h32V54.56L180.64 203.2l22.56-22.56L54.56 32H128zM496 0H384v32h73.44L308.8 180.64l22.56 22.56L480 54.56V128h32V16c0-8.837-7.163-16-16-16zM480 457.44L331.36 308.8l-22.56 22.56L457.44 480H384v32h112c8.837 0 16-7.163 16-16V384h-32v73.44zM180.64 308.64L32 457.44V384H0v112c0 8.837 7.163 16 16 16h112v-32H54.56L203.2 331.36l-22.56-22.72z\"\/><\/svg><\/a><div class=\"tinv-wraper woocommerce tinv-wishlist tinvwl-shortcode-add-to-cart tinvwl-the_content\"\r\n\t data-tinvwl_product_id=\"2659\">\r\n\t<div class=\"tinv-wishlist-clear\"><\/div><a role=\"button\" tabindex=\"0\" name=\"ajouter-a-la-liste-de-souhaits\" aria-label=\"A\u00f1adir a la lista de deseos\" class=\"tinvwl_add_to_wishlist_button tinvwl-icon-heart  tinvwl-position-after\" data-tinv-wl-list=\"[]\" data-tinv-wl-product=\"2659\" data-tinv-wl-productvariation=\"0\" data-tinv-wl-productvariations=\"[]\" data-tinv-wl-producttype=\"simple\" data-tinv-wl-action=\"add\"><span class=\"tinvwl_add_to_wishlist-text\">A\u00f1adir a la lista de deseos<\/span><\/a><div class=\"tinv-wishlist-clear\"><\/div>\t\t<div\r\n\t\tclass=\"tinvwl-tooltip\">A\u00f1adir a la lista de deseos<\/div>\r\n<\/div>\r\n<\/div><\/div><div class=\"content-wrapper\"><h3 class=\"product-title\"><a href=\"https:\/\/www.espaces-synthetiques.com\/es\/product\/produit-1\/\" title=\"gazon syntech 40mm\">gazon syntech 40mm<\/a><\/h3><div class=\"product-meta\"><div class=\"product-available in-stock\">In Stock<\/div><\/div><span class=\"price\"><span class=\"woocommerce-Price-amount amount\"><bdi>3.75&nbsp;<span class=\"woocommerce-Price-currencySymbol\">&#36;<\/span><\/bdi><\/span><\/span><div class=\"product-fade-block\"><div class=\"product-button-group cart-with-quantity\"><div class=\"quantity ajax-quantity\"><div class=\"quantity-button minus\"><i class=\"klbth-icon-minus\"><\/i><\/div><input type=\"text\" class=\"input-text qty text\" name=\"quantity\" step=\"1\" min=\"\" max=\"\" value=\"1\" title=\"Menge\" size=\"4\" inputmode=\"numeric\"><div class=\"quantity-button plus\"><i class=\"klbth-icon-plus\"><\/i><\/div><\/div><!-- quantity --><a href=\"?add-to-cart=2659\" data-quantity=\"1\" class=\"button-primary xsmall rounded wide button product_type_simple add_to_cart_button ajax_add_to_cart\" data-product_id=\"2659\" data-product_sku=\"\" aria-label=\"Add to cart: \u201cgazon syntech 40mm\u201d\" rel=\"nofollow\" data-success_message=\"\u201cgazon syntech 40mm\u201d has been added to your cart\" data-product_name=\"gazon syntech 40mm\" data-price=\"3.75\" data-no-translation=\"\" data-trp-gettext=\"\" data-no-translation-aria-label=\"\" data-no-translation-data-success_message=\"\">A\u00f1adir al carrito<\/a><\/div><\/div><\/div><\/div><div class=\"product-content-fade border-info\"><\/div><\/div><div class=\"product type-product post-2583 status-publish instock product_cat-gazon-synthetique has-post-thumbnail taxable shipping-taxable purchasable product-type-simple\"><div class=\"product-wrapper product-type-1\"><div class=\"thumbnail-wrapper\"><a href=\"https:\/\/www.espaces-synthetiques.com\/es\/product\/produit-5\/\"><img decoding=\"async\" src=\"https:\/\/www.espaces-synthetiques.com\/wp-content\/uploads\/2024\/01\/1-5-346x310.jpg\" alt=\"gazon syntech 30 mm\"><\/a><div class=\"product-buttons\"><a href=\"\/es\/2583\/\" class=\"detail-bnt quick-view-button\"><svg xmlns=\"http:\/\/www.w3.org\/2000\/svg\" viewbox=\"0 0 512 512\"><path d=\"M128 32V0H16C7.163 0 0 7.163 0 16v112h32V54.56L180.64 203.2l22.56-22.56L54.56 32H128zM496 0H384v32h73.44L308.8 180.64l22.56 22.56L480 54.56V128h32V16c0-8.837-7.163-16-16-16zM480 457.44L331.36 308.8l-22.56 22.56L457.44 480H384v32h112c8.837 0 16-7.163 16-16V384h-32v73.44zM180.64 308.64L32 457.44V384H0v112c0 8.837 7.163 16 16 16h112v-32H54.56L203.2 331.36l-22.56-22.72z\"\/><\/svg><\/a><div class=\"tinv-wraper woocommerce tinv-wishlist tinvwl-shortcode-add-to-cart tinvwl-the_content\"\r\n\t data-tinvwl_product_id=\"2583\">\r\n\t<div class=\"tinv-wishlist-clear\"><\/div><a role=\"button\" tabindex=\"0\" name=\"ajouter-a-la-liste-de-souhaits\" aria-label=\"A\u00f1adir a la lista de deseos\" class=\"tinvwl_add_to_wishlist_button tinvwl-icon-heart  tinvwl-position-after\" data-tinv-wl-list=\"[]\" data-tinv-wl-product=\"2583\" data-tinv-wl-productvariation=\"0\" data-tinv-wl-productvariations=\"[]\" data-tinv-wl-producttype=\"simple\" data-tinv-wl-action=\"add\"><span class=\"tinvwl_add_to_wishlist-text\">A\u00f1adir a la lista de deseos<\/span><\/a><div class=\"tinv-wishlist-clear\"><\/div>\t\t<div\r\n\t\tclass=\"tinvwl-tooltip\">A\u00f1adir a la lista de deseos<\/div>\r\n<\/div>\r\n<\/div><\/div><div class=\"content-wrapper\"><h3 class=\"product-title\"><a href=\"https:\/\/www.espaces-synthetiques.com\/es\/product\/produit-5\/\" title=\"gazon syntech 30 mm\">gazon syntech 30 mm<\/a><\/h3><div class=\"product-meta\"><div class=\"product-available in-stock\">In Stock<\/div><\/div><span class=\"price\"><span class=\"woocommerce-Price-amount amount\"><bdi>3.75&nbsp;<span class=\"woocommerce-Price-currencySymbol\">&#36;<\/span><\/bdi><\/span><\/span><div class=\"product-fade-block\"><div class=\"product-button-group cart-with-quantity\"><div class=\"quantity ajax-quantity\"><div class=\"quantity-button minus\"><i class=\"klbth-icon-minus\"><\/i><\/div><input type=\"text\" class=\"input-text qty text\" name=\"quantity\" step=\"1\" min=\"\" max=\"\" value=\"1\" title=\"Menge\" size=\"4\" inputmode=\"numeric\"><div class=\"quantity-button plus\"><i class=\"klbth-icon-plus\"><\/i><\/div><\/div><!-- quantity --><a href=\"?add-to-cart=2583\" data-quantity=\"1\" class=\"button-primary xsmall rounded wide button product_type_simple add_to_cart_button ajax_add_to_cart\" data-product_id=\"2583\" data-product_sku=\"\" aria-label=\"Add to cart: \u201cgazon syntech 30 mm\u201d\" rel=\"nofollow\" data-success_message=\"\u201cgazon syntech 30 mm\u201d has been added to your cart\" data-product_name=\"gazon syntech 30 mm\" data-price=\"3.75\" data-no-translation=\"\" data-trp-gettext=\"\" data-no-translation-aria-label=\"\" data-no-translation-data-success_message=\"\">A\u00f1adir al carrito<\/a><\/div><\/div><\/div><\/div><div class=\"product-content-fade border-info\"><\/div><\/div><div class=\"product type-product post-2577 status-publish instock product_cat-gazon-synthetique has-post-thumbnail taxable shipping-taxable purchasable product-type-simple\"><div class=\"product-wrapper product-type-1\"><div class=\"thumbnail-wrapper\"><a href=\"https:\/\/www.espaces-synthetiques.com\/es\/product\/produit-6\/\"><img decoding=\"async\" src=\"https:\/\/www.espaces-synthetiques.com\/wp-content\/uploads\/2023\/06\/fd86f62e-95c4-4b96-87be-c2c1c362bff9-346x310.jpg\" alt=\"rouleau de gazon synthetique\"><\/a><div class=\"product-buttons\"><a href=\"\/es\/2577\/\" class=\"detail-bnt quick-view-button\"><svg xmlns=\"http:\/\/www.w3.org\/2000\/svg\" viewbox=\"0 0 512 512\"><path d=\"M128 32V0H16C7.163 0 0 7.163 0 16v112h32V54.56L180.64 203.2l22.56-22.56L54.56 32H128zM496 0H384v32h73.44L308.8 180.64l22.56 22.56L480 54.56V128h32V16c0-8.837-7.163-16-16-16zM480 457.44L331.36 308.8l-22.56 22.56L457.44 480H384v32h112c8.837 0 16-7.163 16-16V384h-32v73.44zM180.64 308.64L32 457.44V384H0v112c0 8.837 7.163 16 16 16h112v-32H54.56L203.2 331.36l-22.56-22.72z\"\/><\/svg><\/a><div class=\"tinv-wraper woocommerce tinv-wishlist tinvwl-shortcode-add-to-cart tinvwl-the_content\"\r\n\t data-tinvwl_product_id=\"2577\">\r\n\t<div class=\"tinv-wishlist-clear\"><\/div><a role=\"button\" tabindex=\"0\" name=\"ajouter-a-la-liste-de-souhaits\" aria-label=\"A\u00f1adir a la lista de deseos\" class=\"tinvwl_add_to_wishlist_button tinvwl-icon-heart  tinvwl-position-after\" data-tinv-wl-list=\"[]\" data-tinv-wl-product=\"2577\" data-tinv-wl-productvariation=\"0\" data-tinv-wl-productvariations=\"[]\" data-tinv-wl-producttype=\"simple\" data-tinv-wl-action=\"add\"><span class=\"tinvwl_add_to_wishlist-text\">A\u00f1adir a la lista de deseos<\/span><\/a><div class=\"tinv-wishlist-clear\"><\/div>\t\t<div\r\n\t\tclass=\"tinvwl-tooltip\">A\u00f1adir a la lista de deseos<\/div>\r\n<\/div>\r\n<\/div><\/div><div class=\"content-wrapper\"><h3 class=\"product-title\"><a href=\"https:\/\/www.espaces-synthetiques.com\/es\/product\/produit-6\/\" title=\"rouleau de gazon synthetique\">rouleau de gazon synthetique<\/a><\/h3><div class=\"product-meta\"><div class=\"product-available in-stock\">In Stock<\/div><\/div><span class=\"price\"><span class=\"woocommerce-Price-amount amount\"><bdi>3,600.00&nbsp;<span class=\"woocommerce-Price-currencySymbol\">&#36;<\/span><\/bdi><\/span><\/span><div class=\"product-fade-block\"><div class=\"product-button-group cart-with-quantity\"><div class=\"quantity ajax-quantity\"><div class=\"quantity-button minus\"><i class=\"klbth-icon-minus\"><\/i><\/div><input type=\"text\" class=\"input-text qty text\" name=\"quantity\" step=\"1\" min=\"\" max=\"\" value=\"1\" title=\"Menge\" size=\"4\" inputmode=\"numeric\"><div class=\"quantity-button plus\"><i class=\"klbth-icon-plus\"><\/i><\/div><\/div><!-- quantity --><a href=\"?add-to-cart=2577\" data-quantity=\"1\" class=\"button-primary xsmall rounded wide button product_type_simple add_to_cart_button ajax_add_to_cart\" data-product_id=\"2577\" data-product_sku=\"\" aria-label=\"Add to cart: \u201crouleau de gazon synthetique\u201d\" rel=\"nofollow\" data-success_message=\"\u201crouleau de gazon synthetique\u201d has been added to your cart\" data-product_name=\"rouleau de gazon synthetique\" data-price=\"3600\" data-no-translation=\"\" data-trp-gettext=\"\" data-no-translation-aria-label=\"\" data-no-translation-data-success_message=\"\">A\u00f1adir al carrito<\/a><\/div><\/div><\/div><\/div><div class=\"product-content-fade border-info\"><\/div><\/div><\/div><\/div><\/div>\t\t<\/div>\n\t\t\t\t<\/div>\n\t\t\t\t\t<\/div>\n\t\t<\/div>\n\t\t\t\t\t<\/div>\n\t\t<\/section>\n\t\t\t\t<\/div>","protected":false},"excerpt":{"rendered":"<p>Le gazon synth\u00e9tique Le gazon synth\u00e9tique, \u00e9galement appel\u00e9 pelouse artificielle, est une alternative populaire au gazon naturel. Il est fabriqu\u00e9 \u00e0 partir de fibres synth\u00e9tiques comme le poly\u00e9thyl\u00e8ne ou le polypropyl\u00e8ne. Voici quelques points \u00e0 consid\u00e9rer sur le gazon synth\u00e9tique : 1. Esth\u00e9tique : Le gazon synth\u00e9tique offre une apparence verte et uniforme tout au<\/p>\n<div class=\"klb-readmore entry-button\"><a class=\"button\" href=\"https:\/\/www.espaces-synthetiques.com\/es\/product\/produit-6\/\">Read More<\/a><\/div>","protected":false},"author":1,"featured_media":0,"parent":0,"menu_order":0,"comment_status":"closed","ping_status":"closed","template":"","meta":{"footnotes":""},"class_list":["post-2884","page","type-page","status-publish","hentry"],"_links":{"self":[{"href":"https:\/\/www.espaces-synthetiques.com\/es\/wp-json\/wp\/v2\/pages\/2884","targetHints":{"allow":["GET"]}}],"collection":[{"href":"https:\/\/www.espaces-synthetiques.com\/es\/wp-json\/wp\/v2\/pages"}],"about":[{"href":"https:\/\/www.espaces-synthetiques.com\/es\/wp-json\/wp\/v2\/types\/page"}],"author":[{"embeddable":true,"href":"https:\/\/www.espaces-synthetiques.com\/es\/wp-json\/wp\/v2\/users\/1"}],"replies":[{"embeddable":true,"href":"https:\/\/www.espaces-synthetiques.com\/es\/wp-json\/wp\/v2\/comments?post=2884"}],"version-history":[{"count":26,"href":"https:\/\/www.espaces-synthetiques.com\/es\/wp-json\/wp\/v2\/pages\/2884\/revisions"}],"predecessor-version":[{"id":3027,"href":"https:\/\/www.espaces-synthetiques.com\/es\/wp-json\/wp\/v2\/pages\/2884\/revisions\/3027"}],"wp:attachment":[{"href":"https:\/\/www.espaces-synthetiques.com\/es\/wp-json\/wp\/v2\/media?parent=2884"}],"curies":[{"name":"wp","href":"https:\/\/api.w.org\/{rel}","templated":true}]}}