{"id":2903,"date":"2024-01-23T21:33:52","date_gmt":"2024-01-23T21:33:52","guid":{"rendered":"https:\/\/www.espaces-synthetiques.com\/?page_id=2903"},"modified":"2024-01-24T14:10:08","modified_gmt":"2024-01-24T14:10:08","slug":"le-revetement-de-pneus-recycle-epdm","status":"publish","type":"page","link":"https:\/\/www.espaces-synthetiques.com\/es\/le-revetement-de-pneus-recycle-epdm\/","title":{"rendered":"Recubrimiento de neum\u00e1ticos reciclados EPDM"},"content":{"rendered":"<div data-elementor-type=\"wp-page\" data-elementor-id=\"2903\" class=\"elementor elementor-2903\">\n\t\t\t\t\t\t<section class=\"elementor-section elementor-top-section elementor-element elementor-element-4d9f236 elementor-section-full_width elementor-section-height-default elementor-section-height-default\" data-id=\"4d9f236\" data-element_type=\"section\">\n\t\t\t\t\t\t<div class=\"elementor-container elementor-column-gap-no\">\n\t\t\t\t\t<div class=\"elementor-column elementor-col-100 elementor-top-column elementor-element elementor-element-ae4c5db\" data-id=\"ae4c5db\" data-element_type=\"column\">\n\t\t\t<div class=\"elementor-widget-wrap elementor-element-populated\">\n\t\t\t\t\t\t<div class=\"elementor-element elementor-element-be5a151 elementor-widget elementor-widget-image\" data-id=\"be5a151\" data-element_type=\"widget\" data-widget_type=\"image.default\">\n\t\t\t\t<div class=\"elementor-widget-container\">\n\t\t\t\t\t\t\t\t\t\t\t\t\t<img fetchpriority=\"high\" decoding=\"async\" width=\"1568\" height=\"517\" src=\"https:\/\/www.espaces-synthetiques.com\/wp-content\/uploads\/2024\/01\/banner-sol-epdm.jpg\" class=\"attachment-full size-full wp-image-2968\" alt=\"\" srcset=\"https:\/\/www.espaces-synthetiques.com\/wp-content\/uploads\/2024\/01\/banner-sol-epdm.jpg 1568w, https:\/\/www.espaces-synthetiques.com\/wp-content\/uploads\/2024\/01\/banner-sol-epdm-300x99.jpg 300w, https:\/\/www.espaces-synthetiques.com\/wp-content\/uploads\/2024\/01\/banner-sol-epdm-1024x338.jpg 1024w, https:\/\/www.espaces-synthetiques.com\/wp-content\/uploads\/2024\/01\/banner-sol-epdm-768x253.jpg 768w, https:\/\/www.espaces-synthetiques.com\/wp-content\/uploads\/2024\/01\/banner-sol-epdm-1536x506.jpg 1536w, https:\/\/www.espaces-synthetiques.com\/wp-content\/uploads\/2024\/01\/banner-sol-epdm-18x6.jpg 18w, https:\/\/www.espaces-synthetiques.com\/wp-content\/uploads\/2024\/01\/banner-sol-epdm-600x198.jpg 600w, https:\/\/www.espaces-synthetiques.com\/wp-content\/uploads\/2024\/01\/banner-sol-epdm-90x30.jpg 90w, https:\/\/www.espaces-synthetiques.com\/wp-content\/uploads\/2024\/01\/banner-sol-epdm-64x21.jpg 64w, https:\/\/www.espaces-synthetiques.com\/wp-content\/uploads\/2024\/01\/banner-sol-epdm-190x63.jpg 190w, https:\/\/www.espaces-synthetiques.com\/wp-content\/uploads\/2024\/01\/banner-sol-epdm-273x90.jpg 273w\" sizes=\"(max-width: 1568px) 100vw, 1568px\" \/>\t\t\t\t\t\t\t\t\t\t\t\t\t<\/div>\n\t\t\t\t<\/div>\n\t\t\t\t\t<\/div>\n\t\t<\/div>\n\t\t\t\t\t<\/div>\n\t\t<\/section>\n\t\t\t\t<section class=\"elementor-section elementor-top-section elementor-element elementor-element-f600bf8 elementor-section-boxed elementor-section-height-default elementor-section-height-default\" data-id=\"f600bf8\" data-element_type=\"section\">\n\t\t\t\t\t\t<div class=\"elementor-container elementor-column-gap-no\">\n\t\t\t\t\t<div class=\"elementor-column elementor-col-100 elementor-top-column elementor-element elementor-element-e769e7d\" data-id=\"e769e7d\" data-element_type=\"column\">\n\t\t\t<div class=\"elementor-widget-wrap elementor-element-populated\">\n\t\t\t\t\t\t<section class=\"elementor-section elementor-inner-section elementor-element elementor-element-faa9e1d elementor-section-content-middle elementor-section-boxed elementor-section-height-default elementor-section-height-default\" data-id=\"faa9e1d\" data-element_type=\"section\">\n\t\t\t\t\t\t<div class=\"elementor-container elementor-column-gap-extended\">\n\t\t\t\t\t<div class=\"elementor-column elementor-col-50 elementor-inner-column elementor-element elementor-element-1fe836e\" data-id=\"1fe836e\" data-element_type=\"column\">\n\t\t\t<div class=\"elementor-widget-wrap elementor-element-populated\">\n\t\t\t\t\t\t<div class=\"elementor-element elementor-element-bf5a32e elementor-widget elementor-widget-heading\" data-id=\"bf5a32e\" data-element_type=\"widget\" data-widget_type=\"heading.default\">\n\t\t\t\t<div class=\"elementor-widget-container\">\n\t\t\t<h2 class=\"elementor-heading-title elementor-size-default\">Recubrimiento de neum\u00e1ticos reciclados EPDM\n<br><\/br><\/h2>\t\t<\/div>\n\t\t\t\t<\/div>\n\t\t\t\t<div class=\"elementor-element elementor-element-3984e88 elementor-widget elementor-widget-text-editor\" data-id=\"3984e88\" data-element_type=\"widget\" data-widget_type=\"text-editor.default\">\n\t\t\t\t<div class=\"elementor-widget-container\">\n\t\t\t\t\t\t\t<p>El revestimiento de neum\u00e1ticos reciclados de EPDM (mon\u00f3mero de etileno-propileno-dieno) es una opci\u00f3n de piso sostenible y respetuosa con el medio ambiente. Aqu\u00ed hay algunos puntos a considerar:<\/p><div dir=\"auto\">\u00a0<\/div><div dir=\"auto\"><strong>1. Origen de los neum\u00e1ticos reciclados:<\/strong> <br \/>Este tipo de recubrimiento utiliza \u00e1ridos de caucho procedentes del reciclaje de neum\u00e1ticos usados. Esto ayuda a reducir los residuos y dar a los neum\u00e1ticos una segunda vida.<\/div><div dir=\"auto\">\u00a0<\/div><div dir=\"auto\"><strong>2. Caracter\u00edsticas del revestimiento:<\/strong> <br \/>El revestimiento de neum\u00e1ticos reciclados de EPDM es resistente a la intemperie, a los rayos UV y proporciona una mayor durabilidad. A menudo se utiliza para parques infantiles, campos deportivos, parques y otros espacios al aire libre.<\/div><div dir=\"auto\">\u00a0<\/div><div dir=\"auto\"><strong>3. Seguridad:<\/strong> <br \/>Proporciona una superficie amortiguadora y antideslizante, lo que lo hace adecuado para \u00e1reas de juego donde la seguridad de los ni\u00f1os es una preocupaci\u00f3n.<\/div><div dir=\"auto\">\u00a0<\/div><div dir=\"auto\"><strong>4. Instalaci\u00f3n:<\/strong> <br \/>El revestimiento de neum\u00e1ticos reciclados de EPDM se puede instalar de forma relativamente sencilla y ofrece una soluci\u00f3n flexible para diferentes superficies.<\/div><div dir=\"auto\">\u00a0<\/div><div dir=\"auto\"><strong>5. Mantenimiento:<\/strong> <br \/>Generalmente requiere poco mantenimiento, pero es importante seguir las recomendaciones del fabricante para asegurar su longevidad.<\/div><div dir=\"auto\">\u00a0<\/div><div dir=\"auto\">Antes de elegir un revestimiento espec\u00edfico, se recomienda consultar a los fabricantes o expertos en la materia, verificar las normas de seguridad vigentes y considerar las necesidades espec\u00edficas del espacio donde se instalar\u00e1 el revestimiento.<\/div>\t\t\t\t\t\t<\/div>\n\t\t\t\t<\/div>\n\t\t\t\t\t<\/div>\n\t\t<\/div>\n\t\t\t\t<div class=\"elementor-column elementor-col-50 elementor-inner-column elementor-element elementor-element-915cf91\" data-id=\"915cf91\" data-element_type=\"column\">\n\t\t\t<div class=\"elementor-widget-wrap elementor-element-populated\">\n\t\t\t\t\t\t<div class=\"elementor-element elementor-element-393e4f6 elementor-widget elementor-widget-image\" data-id=\"393e4f6\" data-element_type=\"widget\" data-widget_type=\"image.default\">\n\t\t\t\t<div class=\"elementor-widget-container\">\n\t\t\t\t\t\t\t\t\t\t\t\t\t<img decoding=\"async\" width=\"800\" height=\"800\" src=\"https:\/\/www.espaces-synthetiques.com\/wp-content\/uploads\/2024\/01\/729217074897402167.jpg\" class=\"attachment-large size-large wp-image-3003\" alt=\"\" srcset=\"https:\/\/www.espaces-synthetiques.com\/wp-content\/uploads\/2024\/01\/729217074897402167.jpg 800w, https:\/\/www.espaces-synthetiques.com\/wp-content\/uploads\/2024\/01\/729217074897402167-300x300.jpg 300w, https:\/\/www.espaces-synthetiques.com\/wp-content\/uploads\/2024\/01\/729217074897402167-150x150.jpg 150w, https:\/\/www.espaces-synthetiques.com\/wp-content\/uploads\/2024\/01\/729217074897402167-768x768.jpg 768w, https:\/\/www.espaces-synthetiques.com\/wp-content\/uploads\/2024\/01\/729217074897402167-12x12.jpg 12w, https:\/\/www.espaces-synthetiques.com\/wp-content\/uploads\/2024\/01\/729217074897402167-450x450.jpg 450w, https:\/\/www.espaces-synthetiques.com\/wp-content\/uploads\/2024\/01\/729217074897402167-90x90.jpg 90w, https:\/\/www.espaces-synthetiques.com\/wp-content\/uploads\/2024\/01\/729217074897402167-600x600.jpg 600w, https:\/\/www.espaces-synthetiques.com\/wp-content\/uploads\/2024\/01\/729217074897402167-54x54.jpg 54w, https:\/\/www.espaces-synthetiques.com\/wp-content\/uploads\/2024\/01\/729217074897402167-50x50.jpg 50w, https:\/\/www.espaces-synthetiques.com\/wp-content\/uploads\/2024\/01\/729217074897402167-100x100.jpg 100w, https:\/\/www.espaces-synthetiques.com\/wp-content\/uploads\/2024\/01\/729217074897402167-96x96.jpg 96w, https:\/\/www.espaces-synthetiques.com\/wp-content\/uploads\/2024\/01\/729217074897402167-64x64.jpg 64w\" sizes=\"(max-width: 800px) 100vw, 800px\" \/>\t\t\t\t\t\t\t\t\t\t\t\t\t<\/div>\n\t\t\t\t<\/div>\n\t\t\t\t<div class=\"elementor-element elementor-element-18eb3fc elementor-widget elementor-widget-image\" data-id=\"18eb3fc\" data-element_type=\"widget\" data-widget_type=\"image.default\">\n\t\t\t\t<div class=\"elementor-widget-container\">\n\t\t\t\t\t\t\t\t\t\t\t\t\t<img decoding=\"async\" width=\"800\" height=\"800\" src=\"https:\/\/www.espaces-synthetiques.com\/wp-content\/uploads\/2024\/01\/2706454543374958906.jpg\" class=\"attachment-large size-large wp-image-3004\" alt=\"\" srcset=\"https:\/\/www.espaces-synthetiques.com\/wp-content\/uploads\/2024\/01\/2706454543374958906.jpg 800w, https:\/\/www.espaces-synthetiques.com\/wp-content\/uploads\/2024\/01\/2706454543374958906-300x300.jpg 300w, https:\/\/www.espaces-synthetiques.com\/wp-content\/uploads\/2024\/01\/2706454543374958906-150x150.jpg 150w, https:\/\/www.espaces-synthetiques.com\/wp-content\/uploads\/2024\/01\/2706454543374958906-768x768.jpg 768w, https:\/\/www.espaces-synthetiques.com\/wp-content\/uploads\/2024\/01\/2706454543374958906-12x12.jpg 12w, https:\/\/www.espaces-synthetiques.com\/wp-content\/uploads\/2024\/01\/2706454543374958906-450x450.jpg 450w, https:\/\/www.espaces-synthetiques.com\/wp-content\/uploads\/2024\/01\/2706454543374958906-90x90.jpg 90w, https:\/\/www.espaces-synthetiques.com\/wp-content\/uploads\/2024\/01\/2706454543374958906-600x600.jpg 600w, https:\/\/www.espaces-synthetiques.com\/wp-content\/uploads\/2024\/01\/2706454543374958906-54x54.jpg 54w, https:\/\/www.espaces-synthetiques.com\/wp-content\/uploads\/2024\/01\/2706454543374958906-50x50.jpg 50w, https:\/\/www.espaces-synthetiques.com\/wp-content\/uploads\/2024\/01\/2706454543374958906-100x100.jpg 100w, https:\/\/www.espaces-synthetiques.com\/wp-content\/uploads\/2024\/01\/2706454543374958906-96x96.jpg 96w, https:\/\/www.espaces-synthetiques.com\/wp-content\/uploads\/2024\/01\/2706454543374958906-64x64.jpg 64w\" sizes=\"(max-width: 800px) 100vw, 800px\" \/>\t\t\t\t\t\t\t\t\t\t\t\t\t<\/div>\n\t\t\t\t<\/div>\n\t\t\t\t\t<\/div>\n\t\t<\/div>\n\t\t\t\t\t<\/div>\n\t\t<\/section>\n\t\t\t\t\t<\/div>\n\t\t<\/div>\n\t\t\t\t\t<\/div>\n\t\t<\/section>\n\t\t\t\t<section class=\"elementor-section elementor-top-section elementor-element elementor-element-9f46085 elementor-section-boxed elementor-section-height-default elementor-section-height-default\" data-id=\"9f46085\" data-element_type=\"section\">\n\t\t\t\t\t\t<div class=\"elementor-container elementor-column-gap-default\">\n\t\t\t\t\t<div class=\"elementor-column elementor-col-100 elementor-top-column elementor-element elementor-element-3ee8ce8\" data-id=\"3ee8ce8\" data-element_type=\"column\">\n\t\t\t<div class=\"elementor-widget-wrap elementor-element-populated\">\n\t\t\t\t\t\t<div class=\"elementor-element elementor-element-6d9e33a elementor-widget elementor-widget-bacola-product-grid\" data-id=\"6d9e33a\" data-element_type=\"widget\" data-widget_type=\"bacola-product-grid.default\">\n\t\t\t\t<div class=\"elementor-widget-container\">\n\t\t\t<div class=\"site-module module-products\"><div class=\"module-header\"><div class=\"column\"><h4 class=\"entry-title\">NUESTROS PRODUCTOS DE RECUBRIMIENTO DE NEUM\u00c1TICOS RECICLADOS<\/h4><div class=\"entry-description\"><\/div><\/div><!-- column --><div class=\"column\"><a href=\"https:\/\/www.espaces-synthetiques.com\/es\/product-category\/revetement-de-sol-en-epdm-pneus-recycle\/\"  class=\"button button-info-default xsmall rounded\">Ver todo <i class=\"klbth-icon-right-arrow\"><\/i><\/a><\/div><!-- column --><\/div><!-- module-header --><div class=\"module-body\"><div class=\"products column-4 mobile-column-2\"><\/div><\/div><\/div>\t\t<\/div>\n\t\t\t\t<\/div>\n\t\t\t\t\t<\/div>\n\t\t<\/div>\n\t\t\t\t\t<\/div>\n\t\t<\/section>\n\t\t\t\t<\/div>","protected":false},"excerpt":{"rendered":"<p>Le rev\u00eatement de pneus recycl\u00e9 EPDM Le rev\u00eatement de pneus recycl\u00e9 EPDM (\u00e9thyl\u00e8ne-propyl\u00e8ne-di\u00e8ne monom\u00e8re) est une option de rev\u00eatement de sol durable et respectueuse de l&rsquo;environnement. Voici quelques points \u00e0 consid\u00e9rer : \u00a01. Origine des pneus recycl\u00e9s : Ce type de rev\u00eatement utilise des granulats de caoutchouc issus du recyclage de pneus usag\u00e9s. Cela contribue<\/p>\n<div class=\"klb-readmore entry-button\"><a class=\"button\" href=\"https:\/\/www.espaces-synthetiques.com\/es\/le-revetement-de-pneus-recycle-epdm\/\">Read More<\/a><\/div>","protected":false},"author":1,"featured_media":0,"parent":0,"menu_order":0,"comment_status":"closed","ping_status":"closed","template":"","meta":{"footnotes":""},"class_list":["post-2903","page","type-page","status-publish","hentry"],"_links":{"self":[{"href":"https:\/\/www.espaces-synthetiques.com\/es\/wp-json\/wp\/v2\/pages\/2903","targetHints":{"allow":["GET"]}}],"collection":[{"href":"https:\/\/www.espaces-synthetiques.com\/es\/wp-json\/wp\/v2\/pages"}],"about":[{"href":"https:\/\/www.espaces-synthetiques.com\/es\/wp-json\/wp\/v2\/types\/page"}],"author":[{"embeddable":true,"href":"https:\/\/www.espaces-synthetiques.com\/es\/wp-json\/wp\/v2\/users\/1"}],"replies":[{"embeddable":true,"href":"https:\/\/www.espaces-synthetiques.com\/es\/wp-json\/wp\/v2\/comments?post=2903"}],"version-history":[{"count":25,"href":"https:\/\/www.espaces-synthetiques.com\/es\/wp-json\/wp\/v2\/pages\/2903\/revisions"}],"predecessor-version":[{"id":3007,"href":"https:\/\/www.espaces-synthetiques.com\/es\/wp-json\/wp\/v2\/pages\/2903\/revisions\/3007"}],"wp:attachment":[{"href":"https:\/\/www.espaces-synthetiques.com\/es\/wp-json\/wp\/v2\/media?parent=2903"}],"curies":[{"name":"wp","href":"https:\/\/api.w.org\/{rel}","templated":true}]}}