{"id":2940,"date":"2024-01-23T22:36:19","date_gmt":"2024-01-23T22:36:19","guid":{"rendered":"https:\/\/www.espaces-synthetiques.com\/?page_id=2940"},"modified":"2024-01-24T14:11:09","modified_gmt":"2024-01-24T14:11:09","slug":"le-revetement-de-sol-en-tuile-de-pvc-polypropylene","status":"publish","type":"page","link":"https:\/\/www.espaces-synthetiques.com\/es\/le-revetement-de-sol-en-tuile-de-pvc-polypropylene\/","title":{"rendered":"Suelos de baldosas de PVC de polipropileno"},"content":{"rendered":"<div data-elementor-type=\"wp-page\" data-elementor-id=\"2940\" class=\"elementor elementor-2940\">\n\t\t\t\t\t\t<section class=\"elementor-section elementor-top-section elementor-element elementor-element-4d9f236 elementor-section-full_width elementor-section-height-default elementor-section-height-default\" data-id=\"4d9f236\" data-element_type=\"section\">\n\t\t\t\t\t\t<div class=\"elementor-container elementor-column-gap-no\">\n\t\t\t\t\t<div class=\"elementor-column elementor-col-100 elementor-top-column elementor-element elementor-element-ae4c5db\" data-id=\"ae4c5db\" data-element_type=\"column\">\n\t\t\t<div class=\"elementor-widget-wrap elementor-element-populated\">\n\t\t\t\t\t\t<div class=\"elementor-element elementor-element-be5a151 elementor-widget elementor-widget-image\" data-id=\"be5a151\" data-element_type=\"widget\" data-widget_type=\"image.default\">\n\t\t\t\t<div class=\"elementor-widget-container\">\n\t\t\t\t\t\t\t\t\t\t\t\t\t<img fetchpriority=\"high\" decoding=\"async\" width=\"1568\" height=\"517\" src=\"https:\/\/www.espaces-synthetiques.com\/wp-content\/uploads\/2024\/01\/banner-sol-pvc-polypropylene.jpg\" class=\"attachment-full size-full wp-image-2972\" alt=\"\" srcset=\"https:\/\/www.espaces-synthetiques.com\/wp-content\/uploads\/2024\/01\/banner-sol-pvc-polypropylene.jpg 1568w, https:\/\/www.espaces-synthetiques.com\/wp-content\/uploads\/2024\/01\/banner-sol-pvc-polypropylene-300x99.jpg 300w, https:\/\/www.espaces-synthetiques.com\/wp-content\/uploads\/2024\/01\/banner-sol-pvc-polypropylene-1024x338.jpg 1024w, https:\/\/www.espaces-synthetiques.com\/wp-content\/uploads\/2024\/01\/banner-sol-pvc-polypropylene-768x253.jpg 768w, https:\/\/www.espaces-synthetiques.com\/wp-content\/uploads\/2024\/01\/banner-sol-pvc-polypropylene-1536x506.jpg 1536w, https:\/\/www.espaces-synthetiques.com\/wp-content\/uploads\/2024\/01\/banner-sol-pvc-polypropylene-18x6.jpg 18w, https:\/\/www.espaces-synthetiques.com\/wp-content\/uploads\/2024\/01\/banner-sol-pvc-polypropylene-600x198.jpg 600w, https:\/\/www.espaces-synthetiques.com\/wp-content\/uploads\/2024\/01\/banner-sol-pvc-polypropylene-90x30.jpg 90w, https:\/\/www.espaces-synthetiques.com\/wp-content\/uploads\/2024\/01\/banner-sol-pvc-polypropylene-64x21.jpg 64w, https:\/\/www.espaces-synthetiques.com\/wp-content\/uploads\/2024\/01\/banner-sol-pvc-polypropylene-190x63.jpg 190w, https:\/\/www.espaces-synthetiques.com\/wp-content\/uploads\/2024\/01\/banner-sol-pvc-polypropylene-273x90.jpg 273w\" sizes=\"(max-width: 1568px) 100vw, 1568px\" \/>\t\t\t\t\t\t\t\t\t\t\t\t\t<\/div>\n\t\t\t\t<\/div>\n\t\t\t\t\t<\/div>\n\t\t<\/div>\n\t\t\t\t\t<\/div>\n\t\t<\/section>\n\t\t\t\t<section class=\"elementor-section elementor-top-section elementor-element elementor-element-f600bf8 elementor-section-boxed elementor-section-height-default elementor-section-height-default\" data-id=\"f600bf8\" data-element_type=\"section\">\n\t\t\t\t\t\t<div class=\"elementor-container elementor-column-gap-no\">\n\t\t\t\t\t<div class=\"elementor-column elementor-col-100 elementor-top-column elementor-element elementor-element-e769e7d\" data-id=\"e769e7d\" data-element_type=\"column\">\n\t\t\t<div class=\"elementor-widget-wrap elementor-element-populated\">\n\t\t\t\t\t\t<section class=\"elementor-section elementor-inner-section elementor-element elementor-element-faa9e1d elementor-section-content-middle elementor-section-boxed elementor-section-height-default elementor-section-height-default\" data-id=\"faa9e1d\" data-element_type=\"section\">\n\t\t\t\t\t\t<div class=\"elementor-container elementor-column-gap-extended\">\n\t\t\t\t\t<div class=\"elementor-column elementor-col-50 elementor-inner-column elementor-element elementor-element-1fe836e\" data-id=\"1fe836e\" data-element_type=\"column\">\n\t\t\t<div class=\"elementor-widget-wrap elementor-element-populated\">\n\t\t\t\t\t\t<div class=\"elementor-element elementor-element-bf5a32e elementor-widget elementor-widget-heading\" data-id=\"bf5a32e\" data-element_type=\"widget\" data-widget_type=\"heading.default\">\n\t\t\t\t<div class=\"elementor-widget-container\">\n\t\t\t<h2 class=\"elementor-heading-title elementor-size-default\">Suelos de baldosas de PVC de polipropileno\n<br><\/br><\/h2>\t\t<\/div>\n\t\t\t\t<\/div>\n\t\t\t\t<div class=\"elementor-element elementor-element-3984e88 elementor-widget elementor-widget-text-editor\" data-id=\"3984e88\" data-element_type=\"widget\" data-widget_type=\"text-editor.default\">\n\t\t\t\t<div class=\"elementor-widget-container\">\n\t\t\t\t\t\t\t<p>Las losas de polipropileno son baldosas fabricadas a partir de polipropileno, un pol\u00edmero termopl\u00e1stico com\u00fanmente utilizado en diversas aplicaciones debido a sus propiedades como durabilidad, resistencia qu\u00edmica y flexibilidad.<\/p><div dir=\"auto\">\u00a0<\/div><div dir=\"auto\">Aqu\u00ed hay algunas cosas a considerar sobre las baldosas de polipropileno:<\/div><div dir=\"auto\">\u00a0<\/div><div dir=\"auto\"><strong>1. Uso:<\/strong> <br \/>A menudo se utilizan como pisos, particularmente en espacios interiores y exteriores, garajes, \u00e1reas de almacenamiento y \u00e1reas donde se requiere una superficie duradera.<\/div><div dir=\"auto\">\u00a0<\/div><div dir=\"auto\"><strong>2. Asamblea:<\/strong> <br \/>Estas tejas generalmente est\u00e1n dise\u00f1adas para ensamblarse de forma modular. Se pueden ranurar o enganchar entre s\u00ed, lo que proporciona una instalaci\u00f3n f\u00e1cil y flexible.<\/div><div dir=\"auto\">\u00a0<\/div><div dir=\"auto\"><strong>3. Resistencia:<\/strong> <br \/>El polipropileno es conocido por su resistencia a los productos qu\u00edmicos, las manchas y la humedad, lo que hace que estas baldosas sean adecuadas para diferentes entornos.<\/div><div dir=\"auto\">\u00a0<\/div><div dir=\"auto\"><strong>4. Mantenimiento:<\/strong> <br \/>Por lo general, son f\u00e1ciles de mantener y a menudo requieren una limpieza sencilla para mantener su apariencia.<\/div><div dir=\"auto\">\u00a0<\/div><div dir=\"auto\"><strong>5. Versatilidad:<\/strong> <br \/>Las baldosas de polipropileno son vers\u00e1tiles y pueden usarse para crear patrones, dise\u00f1os o \u00e1reas espec\u00edficas seg\u00fan sea necesario.<\/div><div dir=\"auto\">\u00a0<\/div><div dir=\"auto\"><strong>6. Aplicaciones exteriores:<\/strong> <br \/>Debido a su resistencia a la intemperie, estas losas se pueden utilizar en exteriores para crear terrazas, patios o \u00e1reas recreativas.<\/div><div dir=\"auto\">\u00a0<\/div><div dir=\"auto\">Al comprar baldosas de polipropileno, aseg\u00farese de verificar las especificaciones del producto, incluida su resistencia, facilidad de instalaci\u00f3n e idoneidad para el uso previsto.<\/div>\t\t\t\t\t\t<\/div>\n\t\t\t\t<\/div>\n\t\t\t\t\t<\/div>\n\t\t<\/div>\n\t\t\t\t<div class=\"elementor-column elementor-col-50 elementor-inner-column elementor-element elementor-element-915cf91\" data-id=\"915cf91\" data-element_type=\"column\">\n\t\t\t<div class=\"elementor-widget-wrap elementor-element-populated\">\n\t\t\t\t\t\t<div class=\"elementor-element elementor-element-393e4f6 elementor-widget elementor-widget-image\" data-id=\"393e4f6\" data-element_type=\"widget\" data-widget_type=\"image.default\">\n\t\t\t\t<div class=\"elementor-widget-container\">\n\t\t\t\t\t\t\t\t\t\t\t\t\t<img decoding=\"async\" width=\"960\" height=\"851\" src=\"https:\/\/www.espaces-synthetiques.com\/wp-content\/uploads\/2024\/01\/7946114579778290642-1024x908.jpg\" class=\"attachment-large size-large wp-image-2986\" alt=\"\" srcset=\"https:\/\/www.espaces-synthetiques.com\/wp-content\/uploads\/2024\/01\/7946114579778290642-1024x908.jpg 1024w, https:\/\/www.espaces-synthetiques.com\/wp-content\/uploads\/2024\/01\/7946114579778290642-300x266.jpg 300w, https:\/\/www.espaces-synthetiques.com\/wp-content\/uploads\/2024\/01\/7946114579778290642-768x681.jpg 768w, https:\/\/www.espaces-synthetiques.com\/wp-content\/uploads\/2024\/01\/7946114579778290642-14x12.jpg 14w, https:\/\/www.espaces-synthetiques.com\/wp-content\/uploads\/2024\/01\/7946114579778290642-600x532.jpg 600w, https:\/\/www.espaces-synthetiques.com\/wp-content\/uploads\/2024\/01\/7946114579778290642-61x54.jpg 61w, https:\/\/www.espaces-synthetiques.com\/wp-content\/uploads\/2024\/01\/7946114579778290642-64x57.jpg 64w, https:\/\/www.espaces-synthetiques.com\/wp-content\/uploads\/2024\/01\/7946114579778290642-102x90.jpg 102w, https:\/\/www.espaces-synthetiques.com\/wp-content\/uploads\/2024\/01\/7946114579778290642.jpg 1094w\" sizes=\"(max-width: 960px) 100vw, 960px\" \/>\t\t\t\t\t\t\t\t\t\t\t\t\t<\/div>\n\t\t\t\t<\/div>\n\t\t\t\t<div class=\"elementor-element elementor-element-18eb3fc elementor-widget elementor-widget-image\" data-id=\"18eb3fc\" data-element_type=\"widget\" data-widget_type=\"image.default\">\n\t\t\t\t<div class=\"elementor-widget-container\">\n\t\t\t\t\t\t\t\t\t\t\t\t\t<img decoding=\"async\" width=\"960\" height=\"954\" src=\"https:\/\/www.espaces-synthetiques.com\/wp-content\/uploads\/2024\/01\/4363064948400847030-1024x1018.jpg\" class=\"attachment-large size-large wp-image-2985\" alt=\"\" srcset=\"https:\/\/www.espaces-synthetiques.com\/wp-content\/uploads\/2024\/01\/4363064948400847030-1024x1018.jpg 1024w, https:\/\/www.espaces-synthetiques.com\/wp-content\/uploads\/2024\/01\/4363064948400847030-300x298.jpg 300w, https:\/\/www.espaces-synthetiques.com\/wp-content\/uploads\/2024\/01\/4363064948400847030-150x150.jpg 150w, https:\/\/www.espaces-synthetiques.com\/wp-content\/uploads\/2024\/01\/4363064948400847030-768x764.jpg 768w, https:\/\/www.espaces-synthetiques.com\/wp-content\/uploads\/2024\/01\/4363064948400847030-12x12.jpg 12w, https:\/\/www.espaces-synthetiques.com\/wp-content\/uploads\/2024\/01\/4363064948400847030-90x90.jpg 90w, https:\/\/www.espaces-synthetiques.com\/wp-content\/uploads\/2024\/01\/4363064948400847030-600x597.jpg 600w, https:\/\/www.espaces-synthetiques.com\/wp-content\/uploads\/2024\/01\/4363064948400847030-54x54.jpg 54w, https:\/\/www.espaces-synthetiques.com\/wp-content\/uploads\/2024\/01\/4363064948400847030-50x50.jpg 50w, https:\/\/www.espaces-synthetiques.com\/wp-content\/uploads\/2024\/01\/4363064948400847030-100x100.jpg 100w, https:\/\/www.espaces-synthetiques.com\/wp-content\/uploads\/2024\/01\/4363064948400847030-96x96.jpg 96w, https:\/\/www.espaces-synthetiques.com\/wp-content\/uploads\/2024\/01\/4363064948400847030-64x64.jpg 64w, https:\/\/www.espaces-synthetiques.com\/wp-content\/uploads\/2024\/01\/4363064948400847030.jpg 1115w\" sizes=\"(max-width: 960px) 100vw, 960px\" \/>\t\t\t\t\t\t\t\t\t\t\t\t\t<\/div>\n\t\t\t\t<\/div>\n\t\t\t\t\t<\/div>\n\t\t<\/div>\n\t\t\t\t\t<\/div>\n\t\t<\/section>\n\t\t\t\t\t<\/div>\n\t\t<\/div>\n\t\t\t\t\t<\/div>\n\t\t<\/section>\n\t\t\t\t<section class=\"elementor-section elementor-top-section elementor-element elementor-element-9f46085 elementor-section-boxed elementor-section-height-default elementor-section-height-default\" data-id=\"9f46085\" data-element_type=\"section\">\n\t\t\t\t\t\t<div class=\"elementor-container elementor-column-gap-default\">\n\t\t\t\t\t<div class=\"elementor-column elementor-col-100 elementor-top-column elementor-element elementor-element-3ee8ce8\" data-id=\"3ee8ce8\" data-element_type=\"column\">\n\t\t\t<div class=\"elementor-widget-wrap elementor-element-populated\">\n\t\t\t\t\t\t<div class=\"elementor-element elementor-element-6d9e33a elementor-widget elementor-widget-bacola-product-grid\" data-id=\"6d9e33a\" data-element_type=\"widget\" data-widget_type=\"bacola-product-grid.default\">\n\t\t\t\t<div class=\"elementor-widget-container\">\n\t\t\t<div class=\"site-module module-products\"><div class=\"module-header\"><div class=\"column\"><h4 class=\"entry-title\">NUESTROS PRODUCTOS DE PISOS DE AZULEJOS DE POLIPROPILENO PVC<\/h4><div class=\"entry-description\"><\/div><\/div><!-- column --><div class=\"column\"><a href=\"https:\/\/www.espaces-synthetiques.com\/es\/product-category\/revetement-de-sol-en-tuile-de-pvc-polypropylene\/\"  class=\"button button-info-default xsmall rounded\">Ver todo <i class=\"klbth-icon-right-arrow\"><\/i><\/a><\/div><!-- column --><\/div><!-- module-header --><div class=\"module-body\"><div class=\"products column-4 mobile-column-2\"><\/div><\/div><\/div>\t\t<\/div>\n\t\t\t\t<\/div>\n\t\t\t\t\t<\/div>\n\t\t<\/div>\n\t\t\t\t\t<\/div>\n\t\t<\/section>\n\t\t\t\t<\/div>","protected":false},"excerpt":{"rendered":"<p>Le rev\u00eatement de sol en tuile de pvc polypropyl\u00e8ne Les tuiles en polypropyl\u00e8ne sont des carreaux de sol fabriqu\u00e9s \u00e0 partir de polypropyl\u00e8ne, un polym\u00e8re thermoplastique couramment utilis\u00e9 dans diverses applications en raison de ses propri\u00e9t\u00e9s telles que la durabilit\u00e9, la r\u00e9sistance chimique et la flexibilit\u00e9. \u00a0Voici quelques points \u00e0 consid\u00e9rer concernant les tuiles en<\/p>\n<div class=\"klb-readmore entry-button\"><a class=\"button\" href=\"https:\/\/www.espaces-synthetiques.com\/es\/le-revetement-de-sol-en-tuile-de-pvc-polypropylene\/\">Read More<\/a><\/div>","protected":false},"author":1,"featured_media":0,"parent":0,"menu_order":0,"comment_status":"closed","ping_status":"closed","template":"","meta":{"footnotes":""},"class_list":["post-2940","page","type-page","status-publish","hentry"],"_links":{"self":[{"href":"https:\/\/www.espaces-synthetiques.com\/es\/wp-json\/wp\/v2\/pages\/2940","targetHints":{"allow":["GET"]}}],"collection":[{"href":"https:\/\/www.espaces-synthetiques.com\/es\/wp-json\/wp\/v2\/pages"}],"about":[{"href":"https:\/\/www.espaces-synthetiques.com\/es\/wp-json\/wp\/v2\/types\/page"}],"author":[{"embeddable":true,"href":"https:\/\/www.espaces-synthetiques.com\/es\/wp-json\/wp\/v2\/users\/1"}],"replies":[{"embeddable":true,"href":"https:\/\/www.espaces-synthetiques.com\/es\/wp-json\/wp\/v2\/comments?post=2940"}],"version-history":[{"count":13,"href":"https:\/\/www.espaces-synthetiques.com\/es\/wp-json\/wp\/v2\/pages\/2940\/revisions"}],"predecessor-version":[{"id":3010,"href":"https:\/\/www.espaces-synthetiques.com\/es\/wp-json\/wp\/v2\/pages\/2940\/revisions\/3010"}],"wp:attachment":[{"href":"https:\/\/www.espaces-synthetiques.com\/es\/wp-json\/wp\/v2\/media?parent=2940"}],"curies":[{"name":"wp","href":"https:\/\/api.w.org\/{rel}","templated":true}]}}