{"id":2553,"date":"2023-06-22T13:40:35","date_gmt":"2023-06-22T13:40:35","guid":{"rendered":"https:\/\/www.globalcheapsale.com\/?post_type=product&#038;p=2553"},"modified":"2025-02-24T16:20:52","modified_gmt":"2025-02-24T16:20:52","slug":"produit-2-2","status":"publish","type":"product","link":"https:\/\/www.espaces-synthetiques.com\/es\/product\/produit-2-2\/","title":{"rendered":"ensemble  de joueurs et gardiens buts"},"content":{"rendered":"<p>50 panneaux + demi cercle de gardiens but (300 pieds carr\u00e9s)<\/p>\n<p>panneau\u00a0 de 3&#215;2 pieds r\u00e9versible \u00e9paisseur de 3\/10<\/p>\n<p>additifs int\u00e9gr\u00e9 pour une glisse optimale<\/p>\n<p>dur\u00e9e de vie de 5 ans par cot\u00e9 selon l&rsquo;utilisation<\/p>\n<p>garantie 5 ans<\/p>","protected":false},"excerpt":{"rendered":"<p>50 panneaux + demi cercle de gardiens but (300 pieds carr\u00e9s) panneau\u00a0 de 3&#215;2 pieds r\u00e9versible \u00e9paisseur de 3\/10 additifs int\u00e9gr\u00e9 pour une glisse optimale dur\u00e9e de vie de 5 ans par cot\u00e9 selon l&rsquo;utilisation garantie 5 ans<\/p>","protected":false},"featured_media":3112,"template":"","meta":[],"product_cat":[59],"product_tag":[],"class_list":{"0":"post-2553","1":"product","2":"type-product","3":"status-publish","4":"has-post-thumbnail","6":"product_cat-glace-synthetique","8":"first","9":"instock","10":"taxable","11":"shipping-taxable","12":"purchasable","13":"product-type-simple"},"_links":{"self":[{"href":"https:\/\/www.espaces-synthetiques.com\/es\/wp-json\/wp\/v2\/product\/2553","targetHints":{"allow":["GET"]}}],"collection":[{"href":"https:\/\/www.espaces-synthetiques.com\/es\/wp-json\/wp\/v2\/product"}],"about":[{"href":"https:\/\/www.espaces-synthetiques.com\/es\/wp-json\/wp\/v2\/types\/product"}],"wp:featuredmedia":[{"embeddable":true,"href":"https:\/\/www.espaces-synthetiques.com\/es\/wp-json\/wp\/v2\/media\/3112"}],"wp:attachment":[{"href":"https:\/\/www.espaces-synthetiques.com\/es\/wp-json\/wp\/v2\/media?parent=2553"}],"wp:term":[{"taxonomy":"product_cat","embeddable":true,"href":"https:\/\/www.espaces-synthetiques.com\/es\/wp-json\/wp\/v2\/product_cat?post=2553"},{"taxonomy":"product_tag","embeddable":true,"href":"https:\/\/www.espaces-synthetiques.com\/es\/wp-json\/wp\/v2\/product_tag?post=2553"}],"curies":[{"name":"wp","href":"https:\/\/api.w.org\/{rel}","templated":true}]}}